{"id":3471,"date":"2024-09-18T15:33:34","date_gmt":"2024-09-18T15:33:34","guid":{"rendered":"https:\/\/gruppoats.it\/?page_id=3471"},"modified":"2025-01-09T14:35:13","modified_gmt":"2025-01-09T14:35:13","slug":"pompes-et-vannes","status":"publish","type":"page","link":"https:\/\/gruppoats.it\/fr\/pompes-et-vannes\/","title":{"rendered":"POMPES ET VANNES"},"content":{"rendered":"<p><div class=\"fusion-fullwidth fullwidth-box fusion-builder-row-1 fusion-flex-container has-pattern-background has-mask-background nonhundred-percent-fullwidth non-hundred-percent-height-scrolling fusion-animated\" style=\"--awb-border-radius-top-left:0px;--awb-border-radius-top-right:0px;--awb-border-radius-bottom-right:0px;--awb-border-radius-bottom-left:0px;--awb-padding-top:100PX;--awb-padding-bottom:70px;--awb-flex-wrap:wrap;\" data-animationtype=\"fadeInUp\" data-animationduration=\"0.7\" data-animationoffset=\"top-into-view\" ><div class=\"fusion-builder-row fusion-row fusion-flex-align-items-center fusion-flex-content-wrap\" style=\"max-width:calc( 1200px + 100px );margin-left: calc(-100px \/ 2 );margin-right: calc(-100px \/ 2 );\"><div class=\"fusion-layout-column fusion_builder_column fusion-builder-column-0 fusion_builder_column_2_5 2_5 fusion-flex-column\" style=\"--awb-bg-size:cover;--awb-box-shadow:2px 2px 25px 5px hsla(var(--awb-color8-h),var(--awb-color8-s),var(--awb-color8-l),calc(var(--awb-color8-a) - 80%));;--awb-border-color:hsla(var(--awb-custom_color_1-h),var(--awb-custom_color_1-s),var(--awb-custom_color_1-l),calc(var(--awb-custom_color_1-a) - 80%));--awb-border-top:1px;--awb-border-right:1px;--awb-border-bottom:1px;--awb-border-left:1px;--awb-border-style:solid;--awb-width-large:40%;--awb-spacing-right-large:50px;--awb-margin-bottom-large:0px;--awb-spacing-left-large:50px;--awb-width-medium:40%;--awb-order-medium:0;--awb-spacing-right-medium:50px;--awb-spacing-left-medium:50px;--awb-width-small:100%;--awb-order-small:0;--awb-spacing-right-small:50px;--awb-spacing-left-small:50px;\"><div class=\"fusion-column-wrapper fusion-column-has-shadow fusion-flex-justify-content-flex-start fusion-content-layout-column\"><div class=\"fusion-image-element\" style=\"--awb-aspect-ratio: 100 \/ 110;--awb-object-position:46% 0%;--awb-caption-title-font-family:var(--h2_typography-font-family);--awb-caption-title-font-weight:var(--h2_typography-font-weight);--awb-caption-title-font-style:var(--h2_typography-font-style);--awb-caption-title-size:var(--h2_typography-font-size);--awb-caption-title-transform:var(--h2_typography-text-transform);--awb-caption-title-line-height:var(--h2_typography-line-height);--awb-caption-title-letter-spacing:var(--h2_typography-letter-spacing);\"><span class=\"fusion-imageframe imageframe-none imageframe-1 hover-type-none has-aspect-ratio\"><img decoding=\"async\" width=\"500\" height=\"600\" alt=\"Offriamo assistenza commerciale e manutentiva su pompe centrifughe e volumetriche oltre a valvole a sfera, farfalla, ghigliottina, manicotto \u2013 Pinch Valve e a diaframma o membrana\" title=\"gruppo-ats-pompe-e-valvole\" src=\"https:\/\/gruppoats.it\/wp-content\/uploads\/2024\/09\/gruppo-ats-pompe-e-valvole.jpg\" class=\"img-responsive wp-image-3473 img-with-aspect-ratio\" data-parent-fit=\"cover\" data-parent-container=\".fusion-image-element\" srcset=\"https:\/\/gruppoats.it\/wp-content\/uploads\/2024\/09\/gruppo-ats-pompe-e-valvole-200x240.jpg 200w, https:\/\/gruppoats.it\/wp-content\/uploads\/2024\/09\/gruppo-ats-pompe-e-valvole-400x480.jpg 400w, https:\/\/gruppoats.it\/wp-content\/uploads\/2024\/09\/gruppo-ats-pompe-e-valvole.jpg 500w\" sizes=\"(max-width: 810px) 100vw, 500px\" \/><\/span><\/div><\/div><\/div><div class=\"fusion-layout-column fusion_builder_column fusion-builder-column-1 fusion_builder_column_3_5 3_5 fusion-flex-column fusion-flex-align-self-center\" style=\"--awb-padding-top-small:40px;--awb-bg-size:cover;--awb-width-large:60%;--awb-spacing-right-large:50px;--awb-margin-bottom-large:0px;--awb-spacing-left-large:50px;--awb-width-medium:60%;--awb-order-medium:0;--awb-spacing-right-medium:50px;--awb-spacing-left-medium:50px;--awb-width-small:100%;--awb-order-small:0;--awb-spacing-right-small:50px;--awb-spacing-left-small:50px;\"><div class=\"fusion-column-wrapper fusion-column-has-shadow fusion-flex-justify-content-flex-start fusion-content-layout-column\"><div class=\"fusion-builder-row fusion-builder-row-inner fusion-row fusion-flex-align-items-center fusion-flex-content-wrap\" style=\"width:calc( 100% + 100px ) !important;max-width:calc( 100% + 100px ) !important;margin-left: calc(-100px \/ 2 );margin-right: calc(-100px \/ 2 );\"><div class=\"fusion-layout-column fusion_builder_column_inner fusion-builder-nested-column-0 fusion_builder_column_inner_1_1 1_1 fusion-flex-column\" style=\"--awb-padding-top:8px;--awb-padding-bottom:8px;--awb-padding-left:24px;--awb-bg-size:cover;--awb-border-color:var(--awb-color5);--awb-border-top:0px;--awb-border-right:0px;--awb-border-bottom:0px;--awb-border-left:4px;--awb-border-style:solid;--awb-width-large:100%;--awb-spacing-right-large:50px;--awb-margin-bottom-large:0px;--awb-spacing-left-large:50px;--awb-width-medium:100%;--awb-order-medium:0;--awb-spacing-right-medium:50px;--awb-spacing-left-medium:50px;--awb-width-small:100%;--awb-order-small:0;--awb-spacing-right-small:50px;--awb-spacing-left-small:50px;\"><div class=\"fusion-column-wrapper fusion-column-has-shadow fusion-flex-justify-content-flex-start fusion-content-layout-column\"><div class=\"fusion-text fusion-text-1 fusion-animated fusion-text-no-margin\" style=\"--awb-font-size:var(--awb-typography5-font-size);--awb-line-height:var(--awb-typography5-line-height);--awb-letter-spacing:var(--awb-typography5-letter-spacing);--awb-text-transform:uppercase;--awb-margin-bottom:0px;--awb-text-font-family:&quot;Mohave&quot;;--awb-text-font-style:normal;--awb-text-font-weight:500;--awb-animation-color:hsla(var(--awb-color5-h),var(--awb-color5-s),var(--awb-color5-l),calc(var(--awb-color5-a) - 70%));\" data-animationtype=\"revealInLeft\" data-animationduration=\"0.7\" data-animationoffset=\"top-into-view\"><p>POMPES ET VANNES<\/p>\n<\/div><\/div><\/div><\/div><div class=\"fusion-separator fusion-full-width-sep\" style=\"align-self: center;margin-left: auto;margin-right: auto;margin-top:15px;margin-bottom:15px;width:100%;\"><div class=\"fusion-separator-border sep-single sep-solid\" style=\"--awb-height:20px;--awb-amount:20px;border-color:var(--awb-color3);border-top-width:1px;\"><\/div><\/div><div class=\"fusion-title title fusion-title-1 fusion-sep-none fusion-title-text fusion-title-size-one\" style=\"--awb-margin-bottom-small:32px;--awb-font-size:40px;\"><h1 class=\"fusion-title-heading title-heading-left translation-block\" style=\"margin:0;font-size:1em;\">Pompes centrifuges et volum\u00e9triques, vannes de r\u00e9gulation et vannes on-off<\/h1><\/div><div class=\"fusion-text fusion-text-2 fusion-text-no-margin\" style=\"--awb-line-height:1.5;--awb-text-color:var(--awb-color5);--awb-margin-bottom:10px;--awb-text-font-family:&quot;Mohave&quot;;--awb-text-font-style:normal;--awb-text-font-weight:500;\"><p>DANS LE DOMAINE DE LA MANIPULATION ET DE LA R\u00c9GULATION DES FLUIDES, NOTRE GROUPE A \u00c9TABLI DES RELATIONS DE DISTRIBUTION ET DE SERVICE AVEC LES PRINCIPAUX FABRICANTS NATIONAUX ET INTERNATIONAUX.<\/p>\n<\/div><div class=\"fusion-text fusion-text-3\" style=\"--awb-line-height:1.5;\"><p>Nous proposons des services de vente et d'entretien pour les pompes centrifuges et volum\u00e9triques ainsi que pour les vannes \u00e0 bille, \u00e0 papillon, \u00e0 guillotine, \u00e0 manchon, les vannes \u00e0 pince et les vannes \u00e0 diaphragme ou \u00e0 membrane, en version standard et en version pour environnement s\u00fbr.<\/p>\n<\/div><div ><a class=\"fusion-button button-flat button-large button-custom fusion-button-default button-1 fusion-button-default-span fusion-button-default-type\" style=\"--button_accent_color:var(--awb-color2);--button_border_color:var(--awb-custom_color_3);--button_accent_hover_color:var(--awb-color1);--button_border_hover_color:var(--awb-color1);--button_border_width-top:0px;--button_border_width-right:0px;--button_border_width-bottom:0px;--button_border_width-left:3px;--button_gradient_top_color:var(--awb-custom_color_3);--button_gradient_bottom_color:var(--awb-custom_color_3);--button_gradient_top_color_hover:var(--awb-color5);--button_gradient_bottom_color_hover:var(--awb-color5);\" target=\"_self\" href=\"https:\/\/gruppoats.it\/fr\/pompes-et-vannes\/pompes-centrifuges-et-volumetriques-vannes-de-regulation-et-vannes-on-off\/\"><span class=\"fusion-button-text awb-button__text awb-button__text--default fusion-button-text-right\">DECOUVRIR<\/span><span class=\"fusion-button-icon-divider button-icon-divider-right\"><i class=\"fa-long-arrow-alt-right fas awb-button__icon awb-button__icon--default\" aria-hidden=\"true\"><\/i><\/span><\/a><\/div><\/div><\/div><\/div><\/div><div class=\"fusion-fullwidth fullwidth-box fusion-builder-row-2 fusion-flex-container has-pattern-background has-mask-background nonhundred-percent-fullwidth non-hundred-percent-height-scrolling fusion-animated\" style=\"--awb-border-sizes-top:1px;--awb-border-sizes-bottom:1px;--awb-border-radius-top-left:0px;--awb-border-radius-top-right:0px;--awb-border-radius-bottom-right:0px;--awb-border-radius-bottom-left:0px;--awb-padding-top:70px;--awb-padding-bottom:100px;--awb-background-color:hsla(var(--awb-color2-h),var(--awb-color2-s),var(--awb-color2-l),calc(var(--awb-color2-a) - 50%));--awb-flex-wrap:wrap;\" data-animationtype=\"fadeInUp\" data-animationduration=\"0.7\" data-animationoffset=\"top-into-view\" ><div class=\"fusion-builder-row fusion-row fusion-flex-align-items-center fusion-flex-content-wrap\" style=\"max-width:calc( 1200px + 100px );margin-left: calc(-100px \/ 2 );margin-right: calc(-100px \/ 2 );\"><div class=\"fusion-layout-column fusion_builder_column fusion-builder-column-2 fusion_builder_column_3_5 3_5 fusion-flex-column fusion-flex-align-self-center\" style=\"--awb-padding-top:50px;--awb-padding-bottom:50px;--awb-padding-top-small:40px;--awb-padding-bottom-small:0px;--awb-bg-size:cover;--awb-width-large:60%;--awb-spacing-right-large:50px;--awb-margin-bottom-large:0px;--awb-spacing-left-large:50px;--awb-width-medium:60%;--awb-order-medium:0;--awb-spacing-right-medium:50px;--awb-spacing-left-medium:50px;--awb-width-small:100%;--awb-order-small:1;--awb-spacing-right-small:50px;--awb-spacing-left-small:50px;\"><div class=\"fusion-column-wrapper fusion-column-has-shadow fusion-flex-justify-content-flex-start fusion-content-layout-column\"><div class=\"fusion-builder-row fusion-builder-row-inner fusion-row fusion-flex-align-items-center fusion-flex-content-wrap\" style=\"width:calc( 100% + 100px ) !important;max-width:calc( 100% + 100px ) !important;margin-left: calc(-100px \/ 2 );margin-right: calc(-100px \/ 2 );\"><div class=\"fusion-layout-column fusion_builder_column_inner fusion-builder-nested-column-1 fusion_builder_column_inner_1_1 1_1 fusion-flex-column\" style=\"--awb-padding-top:8px;--awb-padding-bottom:8px;--awb-padding-left:24px;--awb-bg-size:cover;--awb-border-color:var(--awb-color5);--awb-border-top:0px;--awb-border-right:0px;--awb-border-bottom:0px;--awb-border-left:4px;--awb-border-style:solid;--awb-width-large:100%;--awb-spacing-right-large:50px;--awb-margin-bottom-large:0px;--awb-spacing-left-large:50px;--awb-width-medium:100%;--awb-order-medium:0;--awb-spacing-right-medium:50px;--awb-spacing-left-medium:50px;--awb-width-small:100%;--awb-order-small:0;--awb-spacing-right-small:50px;--awb-spacing-left-small:50px;\"><div class=\"fusion-column-wrapper fusion-column-has-shadow fusion-flex-justify-content-flex-start fusion-content-layout-column\"><div class=\"fusion-text fusion-text-4 fusion-animated fusion-text-no-margin\" style=\"--awb-font-size:var(--awb-typography5-font-size);--awb-line-height:var(--awb-typography5-line-height);--awb-letter-spacing:var(--awb-typography5-letter-spacing);--awb-text-transform:uppercase;--awb-margin-bottom:0px;--awb-text-font-family:&quot;Mohave&quot;;--awb-text-font-style:normal;--awb-text-font-weight:500;--awb-animation-color:hsla(var(--awb-color5-h),var(--awb-color5-s),var(--awb-color5-l),calc(var(--awb-color5-a) - 70%));\" data-animationtype=\"revealInLeft\" data-animationduration=\"0.7\" data-animationoffset=\"top-into-view\"><p>POMPES ET VANNES<\/p>\n<\/div><\/div><\/div><\/div><div class=\"fusion-separator fusion-full-width-sep\" style=\"align-self: center;margin-left: auto;margin-right: auto;margin-top:15px;margin-bottom:15px;width:100%;\"><div class=\"fusion-separator-border sep-single sep-solid\" style=\"--awb-height:20px;--awb-amount:20px;border-color:var(--awb-color3);border-top-width:1px;\"><\/div><\/div><div class=\"fusion-title title fusion-title-2 fusion-sep-none fusion-title-text fusion-title-size-one\" style=\"--awb-margin-bottom-small:32px;--awb-font-size:40px;\"><h1 class=\"fusion-title-heading title-heading-left translation-block\" style=\"margin:0;font-size:1em;\">Pompes et robinets hygi\u00e9niques et de qualit\u00e9 alimentaire<\/h1><\/div><div class=\"fusion-text fusion-text-5 fusion-text-no-margin\" style=\"--awb-line-height:1.5;--awb-text-color:var(--awb-color5);--awb-margin-bottom:10px;--awb-text-font-family:&quot;Mohave&quot;;--awb-text-font-style:normal;--awb-text-font-weight:500;\"><p class=\"translation-block\">NOUS DISTRIBUONS DIVERSES SOLUTIONS HYGI\u00c9NIQUES POUR LA ET LE CONTR\u00d4LE<br> DES LIQUIDES ET POUDRES ALIMENTAIRES :<\/p>\n<\/div><div class=\"fusion-text fusion-text-6\" style=\"--awb-line-height:1.5;\"><p class=\"translation-block\">-Pompes centrifuges certifi\u00e9es EHEDG<br>\n-Pompes volum\u00e9triques pour p\u00e2tes et cr\u00e8mes alimentaires et pharmaceutiques<br>\n-Vannes hygi\u00e9niques<br>\n-Syst\u00e8mes de r\u00e9gulation et de contr\u00f4le certifi\u00e9s<\/p>\n<\/div><div ><a class=\"fusion-button button-flat button-large button-custom fusion-button-default button-2 fusion-button-default-span fusion-button-default-type\" style=\"--button_accent_color:var(--awb-color2);--button_border_color:var(--awb-custom_color_3);--button_accent_hover_color:var(--awb-color1);--button_border_hover_color:var(--awb-color1);--button_border_width-top:0px;--button_border_width-right:0px;--button_border_width-bottom:0px;--button_border_width-left:3px;--button_gradient_top_color:var(--awb-custom_color_3);--button_gradient_bottom_color:var(--awb-custom_color_3);--button_gradient_top_color_hover:var(--awb-color5);--button_gradient_bottom_color_hover:var(--awb-color5);\" target=\"_self\" href=\"https:\/\/gruppoats.it\/fr\/pompes-et-vannes\/pompes-et-robinets-hygieniques-et-de-qualite-alimentaire\/\"><span class=\"fusion-button-text awb-button__text awb-button__text--default fusion-button-text-right\">DECOUVRIR<\/span><span class=\"fusion-button-icon-divider button-icon-divider-right\"><i class=\"fa-long-arrow-alt-right fas awb-button__icon awb-button__icon--default\" aria-hidden=\"true\"><\/i><\/span><\/a><\/div><\/div><\/div><div class=\"fusion-layout-column fusion_builder_column fusion-builder-column-3 fusion_builder_column_2_5 2_5 fusion-flex-column\" style=\"--awb-bg-position:right center;--awb-bg-size:contain;--awb-box-shadow:2px 2px 25px 5px hsla(var(--awb-color8-h),var(--awb-color8-s),var(--awb-color8-l),calc(var(--awb-color8-a) - 80%));;--awb-border-color:hsla(var(--awb-custom_color_1-h),var(--awb-custom_color_1-s),var(--awb-custom_color_1-l),calc(var(--awb-custom_color_1-a) - 80%));--awb-border-top:1px;--awb-border-right:1px;--awb-border-bottom:1px;--awb-border-left:1px;--awb-border-style:solid;--awb-width-large:40%;--awb-spacing-right-large:50px;--awb-margin-bottom-large:0px;--awb-spacing-left-large:50px;--awb-width-medium:40%;--awb-order-medium:0;--awb-spacing-right-medium:50px;--awb-spacing-left-medium:50px;--awb-width-small:100%;--awb-order-small:0;--awb-spacing-right-small:50px;--awb-spacing-left-small:50px;\"><div class=\"fusion-column-wrapper fusion-column-has-shadow fusion-flex-justify-content-flex-start fusion-content-layout-column\"><div class=\"fusion-image-element\" style=\"--awb-caption-title-font-family:var(--h2_typography-font-family);--awb-caption-title-font-weight:var(--h2_typography-font-weight);--awb-caption-title-font-style:var(--h2_typography-font-style);--awb-caption-title-size:var(--h2_typography-font-size);--awb-caption-title-transform:var(--h2_typography-text-transform);--awb-caption-title-line-height:var(--h2_typography-line-height);--awb-caption-title-letter-spacing:var(--h2_typography-letter-spacing);\"><span class=\"fusion-imageframe imageframe-none imageframe-2 hover-type-none\"><img decoding=\"async\" width=\"500\" height=\"600\" alt=\"Pompe volumetriche per paste e creme alimentari e farmaceutiche\" title=\"gruppo-ats-pompe-e-valvole-certificate-ehedg\" src=\"https:\/\/gruppoats.it\/wp-content\/uploads\/2024\/09\/gruppo-ats-pompe-e-valvole-certificate-ehedg.jpg\" class=\"img-responsive wp-image-3478\" srcset=\"https:\/\/gruppoats.it\/wp-content\/uploads\/2024\/09\/gruppo-ats-pompe-e-valvole-certificate-ehedg-200x240.jpg 200w, https:\/\/gruppoats.it\/wp-content\/uploads\/2024\/09\/gruppo-ats-pompe-e-valvole-certificate-ehedg-400x480.jpg 400w, https:\/\/gruppoats.it\/wp-content\/uploads\/2024\/09\/gruppo-ats-pompe-e-valvole-certificate-ehedg.jpg 500w\" sizes=\"(max-width: 810px) 100vw, 500px\" \/><\/span><\/div><\/div><\/div><\/div><\/div><\/p>","protected":false},"excerpt":{"rendered":"","protected":false},"author":1,"featured_media":0,"parent":0,"menu_order":0,"comment_status":"closed","ping_status":"closed","template":"100-width.php","meta":{"footnotes":""},"class_list":["post-3471","page","type-page","status-publish","hentry"],"_links":{"self":[{"href":"https:\/\/gruppoats.it\/fr\/wp-json\/wp\/v2\/pages\/3471","targetHints":{"allow":["GET"]}}],"collection":[{"href":"https:\/\/gruppoats.it\/fr\/wp-json\/wp\/v2\/pages"}],"about":[{"href":"https:\/\/gruppoats.it\/fr\/wp-json\/wp\/v2\/types\/page"}],"author":[{"embeddable":true,"href":"https:\/\/gruppoats.it\/fr\/wp-json\/wp\/v2\/users\/1"}],"replies":[{"embeddable":true,"href":"https:\/\/gruppoats.it\/fr\/wp-json\/wp\/v2\/comments?post=3471"}],"version-history":[{"count":4,"href":"https:\/\/gruppoats.it\/fr\/wp-json\/wp\/v2\/pages\/3471\/revisions"}],"predecessor-version":[{"id":4037,"href":"https:\/\/gruppoats.it\/fr\/wp-json\/wp\/v2\/pages\/3471\/revisions\/4037"}],"wp:attachment":[{"href":"https:\/\/gruppoats.it\/fr\/wp-json\/wp\/v2\/media?parent=3471"}],"curies":[{"name":"wp","href":"https:\/\/api.w.org\/{rel}","templated":true}]}}